{"id":3,"date":"2025-07-01T15:49:06","date_gmt":"2025-07-01T15:49:06","guid":{"rendered":"https:\/\/www.prikkel.nu\/?page_id=3"},"modified":"2025-09-04T09:40:01","modified_gmt":"2025-09-04T07:40:01","slug":"privacy-policy","status":"publish","type":"page","link":"https:\/\/www.prikkel.nu\/fr\/privacy-policy\/","title":{"rendered":"Privacy Policy"},"content":{"rendered":"<div data-elementor-type=\"wp-page\" data-elementor-id=\"3\" class=\"elementor elementor-3\" data-elementor-post-type=\"page\">\n\t\t\t\t<div class=\"elementor-element elementor-element-6c17e8e3 e-flex e-con-boxed e-con e-parent\" data-id=\"6c17e8e3\" data-element_type=\"container\">\n\t\t\t\t\t<div class=\"e-con-inner\">\n\t\t\t\t<div class=\"elementor-element elementor-element-69306056 elementor-widget elementor-widget-text-editor\" data-id=\"69306056\" data-element_type=\"widget\" data-widget_type=\"text-editor.default\">\n\t\t\t\t<div class=\"elementor-widget-container\">\n\t\t\t\t\t\t\t\t\t<p><strong>Politique de Confidentialit\u00e9<\/strong> pour Prikkel.nu, propri\u00e9taire de https:\/\/www.prikkel.nu<\/p>\n<p><strong>1) Protection de la vie priv\u00e9e<\/strong><\/p>\n<p>Garantir la confidentialit\u00e9 des visiteurs de https:\/\/www.prikkel.nu est une priorit\u00e9 pour nous. C'est pourquoi notre politique de confidentialit\u00e9 d\u00e9crit quelles informations nous collectons et comment nous les utilisons.<\/p>\n<p><strong>2) Consentement<\/strong><\/p>\n<p>En utilisant les informations et les services disponibles sur https:\/\/www.prikkel.nu, vous acceptez notre politique de confidentialit\u00e9 ainsi que les conditions qui y sont stipul\u00e9es.<\/p>\n<p><strong>3) Questions<\/strong><\/p>\n<p>Si vous souhaitez obtenir plus d'informations ou si vous avez des questions concernant la politique de confidentialit\u00e9 de Prikkel.nu et plus sp\u00e9cifiquement https:\/\/www.prikkel.nu, vous pouvez nous contacter par e-mail \u00e0 l'adresse suivante : info@prikkel.nu<\/p>\n<p><strong>4) Suivi du comportement des visiteurs<\/strong><\/p>\n<p>https:\/\/www.prikkel.nu utilise diff\u00e9rentes techniques pour suivre les visiteurs du site, leur comportement sur le site, ainsi que les pages qu'ils consultent. Il s'agit d'une pratique courante pour les sites web, car elle fournit des informations qui contribuent \u00e0 am\u00e9liorer la qualit\u00e9 de l'exp\u00e9rience utilisateur. Les informations que nous enregistrons via les cookies incluent, entre autres, les adresses IP, le type de navigateur et les pages visit\u00e9es.<\/p>\n<p>Nous surveillons \u00e9galement depuis quelle page les visiteurs arrivent sur le site et depuis quelle page ils le quittent. Ces informations sont conserv\u00e9es de mani\u00e8re anonyme et ne sont pas li\u00e9es \u00e0 d'autres informations personnelles.<\/p>\n<p><strong>5) Utilisation des cookies<\/strong><\/p>\n<p>https:\/\/www.prikkel.nu utilise des cookies pour collecter des informations sur les pages visit\u00e9es par les utilisateurs sur notre site, pour suivre la fr\u00e9quence des visites et pour identifier les pages les plus populaires. Nous suivons \u00e9galement les informations partag\u00e9es par le navigateur.<\/p>\n<p><strong>6) D\u00e9sactiver les cookies<\/strong><\/p>\n<p>Vous pouvez choisir de d\u00e9sactiver les cookies en utilisant les fonctionnalit\u00e9s de votre navigateur. Pour plus d'informations sur ces fonctionnalit\u00e9s, consultez le site web du fournisseur de votre navigateur.<\/p>\t\t\t\t\t\t\t\t<\/div>\n\t\t\t\t<\/div>\n\t\t\t\t\t<\/div>\n\t\t\t\t<\/div>\n\t\t\t\t<\/div>","protected":false},"excerpt":{"rendered":"<p>Privacy policy voor prikkel.nu, eigenaar van https:\/\/www.prikkel.nu 1) Waarborgen Privacy Het waarborgen van de privacy van bezoekers van https:\/\/www.prikkel.nu\u00a0is een belangrijke taak voor ons. Daarom beschrijven we in onze privacy policy welke informatie we verzamelen en hoe we deze informatie gebruiken. 2) Toestemming Door de informatie en de diensten op https:\/\/www.prikkel.nu\u00a0te gebruiken, gaat u akkoord [&hellip;]<\/p>","protected":false},"author":1,"featured_media":0,"parent":0,"menu_order":0,"comment_status":"closed","ping_status":"open","template":"","meta":{"footnotes":""},"class_list":["post-3","page","type-page","status-publish","hentry"],"_links":{"self":[{"href":"https:\/\/www.prikkel.nu\/fr\/wp-json\/wp\/v2\/pages\/3","targetHints":{"allow":["GET"]}}],"collection":[{"href":"https:\/\/www.prikkel.nu\/fr\/wp-json\/wp\/v2\/pages"}],"about":[{"href":"https:\/\/www.prikkel.nu\/fr\/wp-json\/wp\/v2\/types\/page"}],"author":[{"embeddable":true,"href":"https:\/\/www.prikkel.nu\/fr\/wp-json\/wp\/v2\/users\/1"}],"replies":[{"embeddable":true,"href":"https:\/\/www.prikkel.nu\/fr\/wp-json\/wp\/v2\/comments?post=3"}],"version-history":[{"count":3,"href":"https:\/\/www.prikkel.nu\/fr\/wp-json\/wp\/v2\/pages\/3\/revisions"}],"predecessor-version":[{"id":694,"href":"https:\/\/www.prikkel.nu\/fr\/wp-json\/wp\/v2\/pages\/3\/revisions\/694"}],"wp:attachment":[{"href":"https:\/\/www.prikkel.nu\/fr\/wp-json\/wp\/v2\/media?parent=3"}],"curies":[{"name":"wp","href":"https:\/\/api.w.org\/{rel}","templated":true}]}}